{"id":51,"date":"2014-08-22T17:53:48","date_gmt":"2014-08-22T16:53:48","guid":{"rendered":"http:\/\/www.psxrenzukoken.com\/nk2\/?page_id=51"},"modified":"2015-04-09T11:10:10","modified_gmt":"2015-04-09T10:10:10","slug":"playstation-tv","status":"publish","type":"page","link":"https:\/\/www.psxrenzukoken.com\/nk2\/playstation-tv\/","title":{"rendered":"Playstation TV"},"content":{"rendered":"<p><body><\/p>\n<p><u>Vid\u00e9os 1 \u00e0 48<\/u> :<\/p>\n<p><iframe loading=\"lazy\" width=\"500\" height=\"281\" src=\"https:\/\/www.youtube.com\/embed\/videoseries?list=PL7279480144D5FECA\" frameborder=\"0\" allowfullscreen><\/iframe><\/p>\n<p><u>Vid\u00e9os 49 \u00e0 96<\/u> :<\/p>\n<p><iframe loading=\"lazy\" width=\"500\" height=\"281\" src=\"https:\/\/www.youtube.com\/embed\/videoseries?list=PL67581F2ADAF54F5B\" frameborder=\"0\" allowfullscreen><\/iframe><\/p>\n<p><\/body><\/p>\n","protected":false},"excerpt":{"rendered":"<p>Vid\u00e9os 1 \u00e0 48 : Vid\u00e9os 49 \u00e0 96 :<\/p>\n","protected":false},"author":1,"featured_media":0,"parent":0,"menu_order":0,"comment_status":"open","ping_status":"open","template":"","meta":[],"_links":{"self":[{"href":"https:\/\/www.psxrenzukoken.com\/nk2\/wp-json\/wp\/v2\/pages\/51"}],"collection":[{"href":"https:\/\/www.psxrenzukoken.com\/nk2\/wp-json\/wp\/v2\/pages"}],"about":[{"href":"https:\/\/www.psxrenzukoken.com\/nk2\/wp-json\/wp\/v2\/types\/page"}],"author":[{"embeddable":true,"href":"https:\/\/www.psxrenzukoken.com\/nk2\/wp-json\/wp\/v2\/users\/1"}],"replies":[{"embeddable":true,"href":"https:\/\/www.psxrenzukoken.com\/nk2\/wp-json\/wp\/v2\/comments?post=51"}],"version-history":[{"count":5,"href":"https:\/\/www.psxrenzukoken.com\/nk2\/wp-json\/wp\/v2\/pages\/51\/revisions"}],"predecessor-version":[{"id":8895,"href":"https:\/\/www.psxrenzukoken.com\/nk2\/wp-json\/wp\/v2\/pages\/51\/revisions\/8895"}],"wp:attachment":[{"href":"https:\/\/www.psxrenzukoken.com\/nk2\/wp-json\/wp\/v2\/media?parent=51"}],"curies":[{"name":"wp","href":"https:\/\/api.w.org\/{rel}","templated":true}]}}