{"id":18680,"date":"2017-08-02T19:17:45","date_gmt":"2017-08-02T18:17:45","guid":{"rendered":"http:\/\/www.psxrenzukoken.com\/nk2\/?page_id=18680"},"modified":"2018-10-21T17:31:46","modified_gmt":"2018-10-21T16:31:46","slug":"gravure","status":"publish","type":"page","link":"https:\/\/www.psxrenzukoken.com\/nk2\/gravure\/","title":{"rendered":"Gravure"},"content":{"rendered":"<p><img loading=\"lazy\" class=\"wp-image-18681 aligncenter\" src=\"https:\/\/www.psxrenzukoken.com\/nk2\/wp-content\/uploads\/2017\/08\/Logo-PSX.jpg\" alt=\"\" width=\"183\" height=\"185\" srcset=\"https:\/\/www.psxrenzukoken.com\/nk2\/wp-content\/uploads\/2017\/08\/Logo-PSX.jpg 1289w, https:\/\/www.psxrenzukoken.com\/nk2\/wp-content\/uploads\/2017\/08\/Logo-PSX-296x300.jpg 296w, https:\/\/www.psxrenzukoken.com\/nk2\/wp-content\/uploads\/2017\/08\/Logo-PSX-768x779.jpg 768w, https:\/\/www.psxrenzukoken.com\/nk2\/wp-content\/uploads\/2017\/08\/Logo-PSX-1010x1024.jpg 1010w, https:\/\/www.psxrenzukoken.com\/nk2\/wp-content\/uploads\/2017\/08\/Logo-PSX-135x135.jpg 135w\" sizes=\"(max-width: 183px) 100vw, 183px\" \/><\/p>\n<p>&nbsp;<\/p>\n<h1 style=\"text-align: center;\">GRAVER UNE IMAGE<\/h1>\n<h1 style=\"text-align: center;\">ISO PLAYSTATION<\/h1>\n<p>&nbsp;<\/p>\n<p>&nbsp;<\/p>\n<p>Pour ce Tuto sur comment graver un ISO Playstation sur un CD, il y trois choses importantes :<\/p>\n<p>&nbsp;<\/p>\n<ul>\n<li>-des <span style=\"color: #ff0000;\">CD\u2019s vierges de QUALIT\u00c9<\/span>, car la lentille de la playstation \u00eatant sensible, elle ne d\u00e9tecte pas tous les cd.<\/li>\n<li>-un bon logiciel de gravure.<\/li>\n<li>-un graveur CD, plus sa vitesse de gravure est petite, mieux c\u2019est!!<\/li>\n<\/ul>\n<p>Pour les CD\u2019s j\u2019ai achet\u00e9 ceux de la marque \u00abVerbatim CD-R 52x 700 Mo AZO\u00bb :<\/p>\n<p>&nbsp;<\/p>\n<p><img loading=\"lazy\" src=\"https:\/\/www.psxrenzukoken.com\/nk2\/wp-content\/uploads\/2018\/10\/Clipboaaaazzzoooard01.jpg\" alt=\"\" width=\"382\" height=\"323\" class=\"aligncenter size-full wp-image-59781\" srcset=\"https:\/\/www.psxrenzukoken.com\/nk2\/wp-content\/uploads\/2018\/10\/Clipboaaaazzzoooard01.jpg 382w, https:\/\/www.psxrenzukoken.com\/nk2\/wp-content\/uploads\/2018\/10\/Clipboaaaazzzoooard01-300x254.jpg 300w\" sizes=\"(max-width: 382px) 100vw, 382px\" \/><\/p>\n<p>Pour le logiciel de gravure: j\u2019ai t\u00e9l\u00e9charg\u00e9 gratuitement ImgBurn :<\/p>\n<p><img loading=\"lazy\" class=\"alignnone size-full wp-image-18683\" src=\"https:\/\/www.psxrenzukoken.com\/nk2\/wp-content\/uploads\/2017\/08\/logo.png\" alt=\"\" width=\"256\" height=\"80\" \/><\/p>\n<p><a href=\"http:\/\/www.imgburn.com\/index.php?act=download\">http:\/\/www.imgburn.com<\/a><\/p>\n<p>&nbsp;<\/p>\n<p><span style=\"color: #339966;\">Celui-ci est anglais, mais tr\u00e8s simple d\u2019utilisation :<\/span><br \/>\nN.B: Pour le mettre en fran\u00e7ais, t\u00e9l\u00e9chargez le patch sur la fiche du logiciel, extrayez le fichier \u00abfrench.lng\u00bb, et d\u00e9placez-le dans le dossier \u00ab&lt;r\u00e9pertoire d\u2019installation&gt;\\Languages\\\u00bb. D\u00e9marrez le logiciel, et dans le menu \u00abTools\u00bb, cliquez sur \u00abSettings&#8230;\u00bb. Dans l\u2019onglet \u00abGeneral\u00bb, \u00abpage 1\u00bb faites d\u00e9rouler le menu \u00ablanguage\u00bb, et s\u00e9lectionnez \u00abFran\u00e7ais (France)\u00bb, puis cliquez sur \u00abOK\u00bb.<\/p>\n<p>&nbsp;<\/p>\n<p>On l\u2019installe, puis on le lance :<\/p>\n<p><img loading=\"lazy\" class=\"alignnone wp-image-18685\" src=\"https:\/\/www.psxrenzukoken.com\/nk2\/wp-content\/uploads\/2017\/08\/imgburn1.png\" alt=\"\" width=\"453\" height=\"311\" srcset=\"https:\/\/www.psxrenzukoken.com\/nk2\/wp-content\/uploads\/2017\/08\/imgburn1.png 876w, https:\/\/www.psxrenzukoken.com\/nk2\/wp-content\/uploads\/2017\/08\/imgburn1-300x206.png 300w, https:\/\/www.psxrenzukoken.com\/nk2\/wp-content\/uploads\/2017\/08\/imgburn1-768x527.png 768w\" sizes=\"(max-width: 453px) 100vw, 453px\" \/><\/p>\n<p>On s\u00e9lectionne \u00abWrite image file to disc\u00bb, puis on clic<\/p>\n<p><img loading=\"lazy\" class=\"alignnone wp-image-18684\" src=\"https:\/\/www.psxrenzukoken.com\/nk2\/wp-content\/uploads\/2017\/08\/imgburn2.png\" alt=\"\" width=\"457\" height=\"313\" srcset=\"https:\/\/www.psxrenzukoken.com\/nk2\/wp-content\/uploads\/2017\/08\/imgburn2.png 876w, https:\/\/www.psxrenzukoken.com\/nk2\/wp-content\/uploads\/2017\/08\/imgburn2-300x206.png 300w, https:\/\/www.psxrenzukoken.com\/nk2\/wp-content\/uploads\/2017\/08\/imgburn2-768x527.png 768w\" sizes=\"(max-width: 457px) 100vw, 457px\" \/><\/p>\n<p>Une nouvelle fen\u00eatre apparait, si vous poss\u00e9dez plusieurs graveurs, s\u00e9lectionnez dans \u00abDestination\u00bb votre graveur \u00e0 vitesse r\u00e9duite :<\/p>\n<p><img loading=\"lazy\" class=\"alignnone wp-image-18687\" src=\"https:\/\/www.psxrenzukoken.com\/nk2\/wp-content\/uploads\/2017\/08\/imgburn3.png\" alt=\"\" width=\"458\" height=\"314\" srcset=\"https:\/\/www.psxrenzukoken.com\/nk2\/wp-content\/uploads\/2017\/08\/imgburn3.png 876w, https:\/\/www.psxrenzukoken.com\/nk2\/wp-content\/uploads\/2017\/08\/imgburn3-300x206.png 300w, https:\/\/www.psxrenzukoken.com\/nk2\/wp-content\/uploads\/2017\/08\/imgburn3-768x527.png 768w\" sizes=\"(max-width: 458px) 100vw, 458px\" \/><\/p>\n<p><span style=\"color: #339966;\">S\u00e9lectionnez dans \u00abSource\u00bb l\u2019emplacement o\u00f9 se trouve votre dossier \u00abimage disque\u00bb du jeu.<\/span><\/p>\n<p><img loading=\"lazy\" class=\"alignnone wp-image-18688\" src=\"https:\/\/www.psxrenzukoken.com\/nk2\/wp-content\/uploads\/2017\/08\/imgburn7.jpg\" alt=\"\" width=\"461\" height=\"316\" srcset=\"https:\/\/www.psxrenzukoken.com\/nk2\/wp-content\/uploads\/2017\/08\/imgburn7.jpg 876w, https:\/\/www.psxrenzukoken.com\/nk2\/wp-content\/uploads\/2017\/08\/imgburn7-300x206.jpg 300w, https:\/\/www.psxrenzukoken.com\/nk2\/wp-content\/uploads\/2017\/08\/imgburn7-768x527.jpg 768w\" sizes=\"(max-width: 461px) 100vw, 461px\" \/><\/p>\n<p>N.B: une image disque playstation se consiste g\u00e9n\u00e9ralement d\u2019un fichier .iso\/bin et d\u2019un fichier .cue.<\/p>\n<p><span style=\"color: #ff0000;\">ATTENTION<\/span>, si vous avez un fichier <span style=\"color: #ff0000;\">.zip<\/span> ou <span style=\"color: #ff0000;\">7z<\/span>. C\u2019est que votre image disque est compress\u00e9. D\u00e9compr\u00e9ssez l\u00e0 avec un logiciel ad\u00e9quat (<span style=\"color: #339966;\">Winrar<\/span>).<\/p>\n<p>Dans ce tuto, le dossier \u00abimage disque\u00bb du jeu (The Legend Of Dragoon-PSX-PAL-FR-CD1) poss\u00e8de deux fichiers.<\/p>\n<p>The_Legend_of_Dragoon_Pal_CD1.iso<\/p>\n<p>The_Legend_of_Dragoon_Pal_CD1.cue<\/p>\n<p>Il s\u2019agit d\u2019un fichier .cue et d\u2019un fichier .iso, cela aurait pu \u00eatre un .bin\/.cue ou .iso uniquement<\/p>\n<p>Vous devez s\u00e9lectionner le fichier .cue.<br \/>\nPour \u00eatre certain allez dans \u00abFiles of type\u00bb et choisissez \u00abCUE Files (*CUE)\u00bb (<span style=\"color: #ff0000;\">s&#8217;il n&#8217;y a qu&#8217;un .iso pour un jeu et pas de .cue, s\u00e9lectionnez uniquement le .iso<\/span>)<\/p>\n<p><img loading=\"lazy\" class=\"alignnone wp-image-18689\" src=\"https:\/\/www.psxrenzukoken.com\/nk2\/wp-content\/uploads\/2017\/08\/imgburn4.png\" alt=\"\" width=\"456\" height=\"315\" srcset=\"https:\/\/www.psxrenzukoken.com\/nk2\/wp-content\/uploads\/2017\/08\/imgburn4.png 748w, https:\/\/www.psxrenzukoken.com\/nk2\/wp-content\/uploads\/2017\/08\/imgburn4-300x207.png 300w\" sizes=\"(max-width: 456px) 100vw, 456px\" \/><\/p>\n<p>Il n\u2019y a plus que le fichier .cue de visible s\u00e9lectionnez-le et cliquez sur \u00abOpen\u00bb<\/p>\n<p><img loading=\"lazy\" class=\"alignnone wp-image-18690\" src=\"https:\/\/www.psxrenzukoken.com\/nk2\/wp-content\/uploads\/2017\/08\/imgburn5.png\" alt=\"\" width=\"458\" height=\"316\" srcset=\"https:\/\/www.psxrenzukoken.com\/nk2\/wp-content\/uploads\/2017\/08\/imgburn5.png 748w, https:\/\/www.psxrenzukoken.com\/nk2\/wp-content\/uploads\/2017\/08\/imgburn5-300x207.png 300w\" sizes=\"(max-width: 458px) 100vw, 458px\" \/><\/p>\n<p>Vous \u00eates de retour sur la fen\u00eatre de commande d\u2019Imgburn, s\u00e9lectionnez maintenant la vitesse de gravure .<\/p>\n<h3><span style=\"color: #ff0000;\">RAPPEL \/!\\ Important : Plus la vitesse est r\u00e9duite, meilleur sera la qualit\u00e9 de lecture de votre jeu. grav\u00e9 en 16\/32 vitesse, votre jeu aura tr\u00e8s peu de chance d&#8217;\u00eatre lisible sur v\u00f4tre PS1. Uniquement 2 ou 4, 8x peut passer mais pas conseill\u00e9.<br \/>\n<\/span><\/h3>\n<p><img loading=\"lazy\" class=\"alignnone wp-image-18691\" src=\"https:\/\/www.psxrenzukoken.com\/nk2\/wp-content\/uploads\/2017\/08\/imgburn6.jpg\" alt=\"\" width=\"457\" height=\"314\" srcset=\"https:\/\/www.psxrenzukoken.com\/nk2\/wp-content\/uploads\/2017\/08\/imgburn6.jpg 876w, https:\/\/www.psxrenzukoken.com\/nk2\/wp-content\/uploads\/2017\/08\/imgburn6-300x206.jpg 300w, https:\/\/www.psxrenzukoken.com\/nk2\/wp-content\/uploads\/2017\/08\/imgburn6-768x527.jpg 768w\" sizes=\"(max-width: 457px) 100vw, 457px\" \/><\/p>\n<p>Ensuite, placez votre CD vierge de qualit\u00e9 dans votre graveur CD et cliquez sur l\u2019icone en-bas \u00e0 gauche.<\/p>\n<p><img loading=\"lazy\" class=\"alignnone wp-image-18692\" src=\"https:\/\/www.psxrenzukoken.com\/nk2\/wp-content\/uploads\/2017\/08\/imgburn7-1.jpg\" alt=\"\" width=\"461\" height=\"316\" srcset=\"https:\/\/www.psxrenzukoken.com\/nk2\/wp-content\/uploads\/2017\/08\/imgburn7-1.jpg 876w, https:\/\/www.psxrenzukoken.com\/nk2\/wp-content\/uploads\/2017\/08\/imgburn7-1-300x206.jpg 300w, https:\/\/www.psxrenzukoken.com\/nk2\/wp-content\/uploads\/2017\/08\/imgburn7-1-768x527.jpg 768w\" sizes=\"(max-width: 461px) 100vw, 461px\" \/><\/p>\n<p>Une nouvelle fen\u00eatre apparait, vous pouvez s\u00e9lectionner 5 actions.<\/p>\n<p>Pour ce Tuto je n\u2019ai s\u00e9lectionnez que \u00abEject Tray\u00bb, action qui \u00e9jectera mon disque du graveur lorsque l\u2019op\u00e9ration sera termin\u00e9.<\/p>\n<p><img loading=\"lazy\" class=\"alignnone wp-image-18693\" src=\"https:\/\/www.psxrenzukoken.com\/nk2\/wp-content\/uploads\/2017\/08\/imgburn8.png\" alt=\"\" width=\"463\" height=\"318\" srcset=\"https:\/\/www.psxrenzukoken.com\/nk2\/wp-content\/uploads\/2017\/08\/imgburn8.png 876w, https:\/\/www.psxrenzukoken.com\/nk2\/wp-content\/uploads\/2017\/08\/imgburn8-300x206.png 300w, https:\/\/www.psxrenzukoken.com\/nk2\/wp-content\/uploads\/2017\/08\/imgburn8-768x527.png 768w\" sizes=\"(max-width: 463px) 100vw, 463px\" \/><\/p>\n<p>Il y a \u00e9galement une fen\u00eatre d\u2019information qui s\u2019ouvre. Ne vous en souciez pas.<\/p>\n<p><img loading=\"lazy\" class=\"alignnone wp-image-18694\" src=\"https:\/\/www.psxrenzukoken.com\/nk2\/wp-content\/uploads\/2017\/08\/imgburn9.png\" alt=\"\" width=\"457\" height=\"370\" srcset=\"https:\/\/www.psxrenzukoken.com\/nk2\/wp-content\/uploads\/2017\/08\/imgburn9.png 736w, https:\/\/www.psxrenzukoken.com\/nk2\/wp-content\/uploads\/2017\/08\/imgburn9-300x243.png 300w\" sizes=\"(max-width: 457px) 100vw, 457px\" \/><\/p>\n<p>Une petite musique se fera entendre pour vous informez que l\u2019op\u00e9ration est r\u00e9ussite.<\/p>\n<p><img loading=\"lazy\" class=\"alignnone size-full wp-image-18695\" src=\"https:\/\/www.psxrenzukoken.com\/nk2\/wp-content\/uploads\/2017\/08\/imgburn10.png\" alt=\"\" width=\"298\" height=\"153\" \/><\/p>\n<h1><span style=\"color: #ff0000;\">BON JEUX!!!<\/span><\/h1>\n<p>Tuto r\u00e9alis\u00e9 par P75 pour Renzukoken<br \/>\n\u00a9 http:\/\/www.psxrenzukoken.com<\/p>\n","protected":false},"excerpt":{"rendered":"<p>&nbsp; GRAVER UNE IMAGE ISO PLAYSTATION &nbsp; &nbsp; Pour ce Tuto sur comment graver un ISO Playstation sur un CD, il y trois choses importantes : &nbsp; -des CD\u2019s vierges de QUALIT\u00c9, car la lentille de la playstation \u00eatant sensible, elle ne d\u00e9tecte pas tous les cd. -un bon logiciel de gravure. -un graveur CD, [&hellip;]<\/p>\n","protected":false},"author":1,"featured_media":0,"parent":0,"menu_order":0,"comment_status":"closed","ping_status":"closed","template":"","meta":[],"_links":{"self":[{"href":"https:\/\/www.psxrenzukoken.com\/nk2\/wp-json\/wp\/v2\/pages\/18680"}],"collection":[{"href":"https:\/\/www.psxrenzukoken.com\/nk2\/wp-json\/wp\/v2\/pages"}],"about":[{"href":"https:\/\/www.psxrenzukoken.com\/nk2\/wp-json\/wp\/v2\/types\/page"}],"author":[{"embeddable":true,"href":"https:\/\/www.psxrenzukoken.com\/nk2\/wp-json\/wp\/v2\/users\/1"}],"replies":[{"embeddable":true,"href":"https:\/\/www.psxrenzukoken.com\/nk2\/wp-json\/wp\/v2\/comments?post=18680"}],"version-history":[{"count":9,"href":"https:\/\/www.psxrenzukoken.com\/nk2\/wp-json\/wp\/v2\/pages\/18680\/revisions"}],"predecessor-version":[{"id":59783,"href":"https:\/\/www.psxrenzukoken.com\/nk2\/wp-json\/wp\/v2\/pages\/18680\/revisions\/59783"}],"wp:attachment":[{"href":"https:\/\/www.psxrenzukoken.com\/nk2\/wp-json\/wp\/v2\/media?parent=18680"}],"curies":[{"name":"wp","href":"https:\/\/api.w.org\/{rel}","templated":true}]}}