{"id":16351,"date":"2016-12-20T16:19:48","date_gmt":"2016-12-20T15:19:48","guid":{"rendered":"http:\/\/www.psxrenzukoken.com\/nk2\/?page_id=16351"},"modified":"2020-01-08T17:57:14","modified_gmt":"2020-01-08T16:57:14","slug":"most-wanted","status":"publish","type":"page","link":"https:\/\/www.psxrenzukoken.com\/nk2\/most-wanted\/","title":{"rendered":"Most Wanted"},"content":{"rendered":"<p><strong>Lise des jeux les plus dur \u00e0 trouver, si vous en poss\u00e9dez une copie, merci de rajouter un commentaire. (Tout les autres jeux sont d\u00e9j\u00e0 sur le site)<\/strong><\/p>\n<p><center><img loading=\"lazy\" class=\"alignnone size-full wp-image-16358\" src=\"https:\/\/www.psxrenzukoken.com\/nk2\/wp-content\/uploads\/2016\/12\/wanted.jpg\" alt=\"\" width=\"274\" height=\"410\" srcset=\"https:\/\/www.psxrenzukoken.com\/nk2\/wp-content\/uploads\/2016\/12\/wanted.jpg 274w, https:\/\/www.psxrenzukoken.com\/nk2\/wp-content\/uploads\/2016\/12\/wanted-200x300.jpg 200w\" sizes=\"(max-width: 274px) 100vw, 274px\" \/><\/center><center>Ready?<\/center>&nbsp;<\/p>\n<p><span style=\"color: #008000;\">[ A ] &#8211; PAL<\/span><\/p>\n<p><span style=\"color: #008000;\">[ B ] &#8211; PAL<\/span><\/p>\n<p><span style=\"color: #008000;\">[ C ] &#8211; PAL<\/span><\/p>\n<p><span style=\"color: #008000;\">[ D ] &#8211; PAL<\/span><\/p>\n<p><span style=\"color: #008000;\">[ E ] &#8211; PAL<\/span><\/p>\n<p><span style=\"color: #008000;\">[ F ] &#8211; PAL<\/span><\/p>\n<p><span style=\"color: #008000;\">[ G ] &#8211; PAL<\/span><\/p>\n<p><span style=\"color: #008000;\">[ H ] &#8211; PAL<\/span><\/p>\n<p><span style=\"color: #008000;\">[ I ] &#8211; PAL<\/span><\/p>\n<p><span style=\"color: #008000;\">[ J ] &#8211; PAL<\/span><\/p>\n<p><span style=\"color: #008000;\">[ K ] &#8211; PAL<\/span><\/p>\n<p><span style=\"color: #008000;\">[ L ] &#8211; PAL<\/span><\/p>\n<p><span style=\"color: #008000;\">[ M ] &#8211; PAL<\/span><\/p>\n<p><span style=\"color: #008000;\">[ N ] &#8211; PAL<\/span><\/p>\n<p><span style=\"color: #008000;\">[ O ] &#8211; PAL<\/span><\/p>\n<p><span style=\"color: #008000;\">[ P ] &#8211; PAL<\/span><\/p>\n<p><span style=\"color: #008000;\">[ Q ] &#8211; PAL<\/span><\/p>\n<p><span style=\"color: #008000;\">[ R ] &#8211; PAL<\/span><\/p>\n<p><span style=\"color: #008000;\">[ S ] &#8211; PAL<\/span><\/p>\n<p><span style=\"color: #008000;\">[ T ] &#8211; PAL<\/span><\/p>\n<p><span style=\"color: #008000;\">[ U ] &#8211; PAL<\/span><\/p>\n<p><span style=\"color: #008000;\">[ V ] &#8211; PAL<\/span><\/p>\n<p><span style=\"color: #008000;\">[ W ] &#8211; PAL<\/span><\/p>\n<p><span style=\"color: #008000;\">[ X ] &#8211; PAL<\/span><\/p>\n<p><span style=\"color: #008000;\">[ Y ] &#8211; PAL<\/span><\/p>\n<p><span style=\"color: #008000;\">[ Z ] &#8211; PAL<\/span><\/p>\n","protected":false},"excerpt":{"rendered":"<p>Lise des jeux les plus dur \u00e0 trouver, si vous en poss\u00e9dez une copie, merci de rajouter un commentaire. (Tout les autres jeux sont d\u00e9j\u00e0 sur le site) Ready?&nbsp; [ A ] &#8211; PAL [ B ] &#8211; PAL [ C ] &#8211; PAL [ D ] &#8211; PAL [ E ] &#8211; PAL [ [&hellip;]<\/p>\n","protected":false},"author":1,"featured_media":0,"parent":0,"menu_order":0,"comment_status":"closed","ping_status":"closed","template":"","meta":[],"_links":{"self":[{"href":"https:\/\/www.psxrenzukoken.com\/nk2\/wp-json\/wp\/v2\/pages\/16351"}],"collection":[{"href":"https:\/\/www.psxrenzukoken.com\/nk2\/wp-json\/wp\/v2\/pages"}],"about":[{"href":"https:\/\/www.psxrenzukoken.com\/nk2\/wp-json\/wp\/v2\/types\/page"}],"author":[{"embeddable":true,"href":"https:\/\/www.psxrenzukoken.com\/nk2\/wp-json\/wp\/v2\/users\/1"}],"replies":[{"embeddable":true,"href":"https:\/\/www.psxrenzukoken.com\/nk2\/wp-json\/wp\/v2\/comments?post=16351"}],"version-history":[{"count":98,"href":"https:\/\/www.psxrenzukoken.com\/nk2\/wp-json\/wp\/v2\/pages\/16351\/revisions"}],"predecessor-version":[{"id":68279,"href":"https:\/\/www.psxrenzukoken.com\/nk2\/wp-json\/wp\/v2\/pages\/16351\/revisions\/68279"}],"wp:attachment":[{"href":"https:\/\/www.psxrenzukoken.com\/nk2\/wp-json\/wp\/v2\/media?parent=16351"}],"curies":[{"name":"wp","href":"https:\/\/api.w.org\/{rel}","templated":true}]}}